{"id":1844,"date":"2018-02-12T15:46:31","date_gmt":"2018-02-12T15:46:31","guid":{"rendered":"https:\/\/www.infinishield.eu\/disclaimer\/"},"modified":"2018-06-08T09:17:12","modified_gmt":"2018-06-08T09:17:12","slug":"declaracion-de-privacidad","status":"publish","type":"page","link":"https:\/\/www.infinishield.eu\/es\/declaracion-de-privacidad\/","title":{"rendered":"Declaraci\u00f3n de Privacidad"},"content":{"rendered":"<h2><em>Introduci\u00f3n<\/em><\/h2>\n<p>Roland, miembro de Cargo Control Company Group, se compromete a proteger la privacidad de nuestros clientes y se toma muy en serio su responsabilidad con respecto a la seguridad de la informaci\u00f3n de los clientes. Seremos claros y transparentes sobre la informaci\u00f3n que estamos recopilando y qu\u00e9 haremos con esa informaci\u00f3n.<\/p>\n<h2><em>Qu\u00e9 informaci\u00f3n personal recopilamos<\/em><\/h2>\n<p>Datos personales significa cualquier informaci\u00f3n relacionada con usted que nos permita identificarlo, como su nombre, datos de contacto e informaci\u00f3n sobre su acceso a nuestro sitio web. Podemos recopilar sus datos personales cuando realiza un pedido, crea una cuenta, visita nuestro sitio web o cuando se comunica con nosotros (tel\u00e9fono, correo, formulario de contacto u otro).<br \/>\nEspec\u00edficamente, podemos recopilar las siguientes categor\u00edas de informaci\u00f3n:<\/p>\n<p>\u2022 Nombre de la compa\u00f1\u00eda, nombre de contacto, direcci\u00f3n de correo electr\u00f3nico, n\u00famero de tel\u00e9fono, puesto de trabajo y departamento de trabajo, direcci\u00f3n de entrega, tarjeta de cr\u00e9dito \/ d\u00e9bito u otros detalles de pago, direcci\u00f3n IP;<br \/>\n\u2022 Informaci\u00f3n sobre su uso de nuestro sitio web y \/ o tienda en l\u00ednea;<br \/>\n\u2022 Los detalles que intercambia con nosotros o nos env\u00eda por cartas, correos electr\u00f3nicos, servicio de chat, llamadas y redes sociales.<\/p>\n<p>Procesaremos dichos datos solo si usted ha otorgado su consentimiento expl\u00edcito o si lo ha hecho p\u00fablico de manera deliberada.<\/p>\n<h2><em>Para qu\u00e9 utilizamos tus datos personales, por qu\u00e9 y durante cuanto tiempo<\/em><\/h2>\n<p>Sus datos pueden ser utilizados para proporcionar nuestros servicios. Usamos sus datos para los siguientes prop\u00f3sitos:<br \/>\n\u2022 Proporcionar los productos y servicios que solicita;<br \/>\n\u2022 Contactarlo con respecto a su pedido;<br \/>\n\u2022 Verificaci\u00f3n de cr\u00e9dito u otra tarjeta de pago;<br \/>\n\u2022 Prop\u00f3sitos administrativos o legales;<br \/>\n\u2022 Comunicaciones y marketing.<\/p>\n<p>Al proporcionar cualquier informaci\u00f3n personal, acepta expl\u00edcitamente que podemos utilizarla para realizar actividades de creaci\u00f3n de perfiles de acuerdo con esta declaraci\u00f3n de privacidad. Solo procesaremos sus datos personales cuando tengamos una base legal para hacerlo. La base legal depender\u00e1 de los motivos que hayamos recopilado y de los cuales necesitemos utilizar sus datos personales.<\/p>\n<p>No conservaremos sus datos durante m\u00e1s tiempo de lo necesario para cumplir el prop\u00f3sito para el que se est\u00e1 procesando. Para determinar el per\u00edodo de retenci\u00f3n apropiado, consideramos la cantidad, naturaleza y sensibilidad de los datos personales, los prop\u00f3sitos para los cuales los procesamos y si podemos lograr esos prop\u00f3sitos por otros medios. Cuando ya no necesitemos sus datos personales, los borraremos o destruiremos de forma segura.<\/p>\n<h2><em>Seguridad de sus datos personales<\/em><\/h2>\n<p>Seguimos estrictos procedimientos de seguridad en el almacenamiento y la divulgaci\u00f3n de sus datos personales, y para protegerlo contra p\u00e9rdida accidental, destrucci\u00f3n o da\u00f1o.<\/p>\n<h2><em>Compartir sus datos personales<\/em><\/h2>\n<p>Sus datos personales pueden ser compartidos con otras compa\u00f1\u00edas dentro de Cargo Control Company Group.<\/p>\n<h2><em>Cookies y seguimiento de sitios<\/em><\/h2>\n<p>Nuestro sitio web utiliza cookies para permitirnos mejorar nuestro servicio para usted y proporcionarle ciertas funciones que puede resultarle \u00fatiles. Las cookies son peque\u00f1os archivos de texto que se transfieren al disco duro de su computadora a trav\u00e9s de su navegador web para permitirnos reconocer su navegador y ayudarnos a rastrear a los visitantes de nuestro sitio web. Dentro de su navegador puede elegir si desea aceptar o no las cookies. Si bloquea las cookies en nuestro sitio web, es posible que no pueda acceder a ciertas \u00e1reas de nuestro sitio web y que ciertas funciones y p\u00e1ginas no funcionen de la forma habitual.<\/p>\n<h2><em>Newsletters<\/em><\/h2>\n<p>Si un usuario decide suscribirse a nuestra lista de correo, recibir\u00e1 correos electr\u00f3nicos que pueden incluir noticias de la compa\u00f1\u00eda, actualizaciones, solicitudes para participar en encuestas o informaci\u00f3n u ofertas de productos o servicios de Roland y \/ o sus afiliados, agentes o distribuidores. Estos correos electr\u00f3nicos pueden personalizarse de acuerdo con los intereses del usuario, tal como se comunica a trav\u00e9s de encuestas a los clientes. Si en alg\u00fan momento un usuario desea darse de baja de recibir correos electr\u00f3nicos futuros, incluimos instrucciones detalladas para darse de baja en la parte inferior de cada correo electr\u00f3nico.<\/p>\n<h2><em>Sus Derechos de Protecci\u00f3n de Datos<\/em><\/h2>\n<p>Usted tiene derecho a recibir una descripci\u00f3n e informaci\u00f3n sobre el origen de sus datos personales. Tambi\u00e9n tiene derecho a solicitar que actualicemos, corrijan o eliminen los datos personales si estos datos son incorrectos, incompletos o irrelevantes, o si infringen las leyes y normativas. Tambi\u00e9n tiene derecho a presentar objeciones si no desea recibir informaci\u00f3n sobre nuestros productos y servicios. Puede notificarnos por correo electr\u00f3nico.<\/p>\n<h2><em>Cambios en la Declaraci\u00f3n de Privacidad<\/em><\/h2>\n<p>Nuestra declaraci\u00f3n de privacidad puede cambiar de vez en cuando. Por favor, visite nuestro sitio web regularmente para mantenerse al d\u00eda con los \u00faltimos cambios.<\/p>\n","protected":false},"excerpt":{"rendered":"<p>Introduci\u00f3n Roland, miembro de Cargo Control Company<\/p>\n","protected":false},"author":3,"featured_media":1123,"parent":0,"menu_order":0,"comment_status":"closed","ping_status":"closed","template":"","meta":[],"_links":{"self":[{"href":"https:\/\/www.infinishield.eu\/es\/wp-json\/wp\/v2\/pages\/1844"}],"collection":[{"href":"https:\/\/www.infinishield.eu\/es\/wp-json\/wp\/v2\/pages"}],"about":[{"href":"https:\/\/www.infinishield.eu\/es\/wp-json\/wp\/v2\/types\/page"}],"author":[{"embeddable":true,"href":"https:\/\/www.infinishield.eu\/es\/wp-json\/wp\/v2\/users\/3"}],"replies":[{"embeddable":true,"href":"https:\/\/www.infinishield.eu\/es\/wp-json\/wp\/v2\/comments?post=1844"}],"version-history":[{"count":2,"href":"https:\/\/www.infinishield.eu\/es\/wp-json\/wp\/v2\/pages\/1844\/revisions"}],"predecessor-version":[{"id":2294,"href":"https:\/\/www.infinishield.eu\/es\/wp-json\/wp\/v2\/pages\/1844\/revisions\/2294"}],"wp:featuredmedia":[{"embeddable":true,"href":"https:\/\/www.infinishield.eu\/es\/wp-json\/wp\/v2\/media\/1123"}],"wp:attachment":[{"href":"https:\/\/www.infinishield.eu\/es\/wp-json\/wp\/v2\/media?parent=1844"}],"curies":[{"name":"wp","href":"https:\/\/api.w.org\/{rel}","templated":true}]}}