{"id":1760,"date":"2018-04-11T08:15:29","date_gmt":"2018-04-11T08:15:29","guid":{"rendered":"https:\/\/www.infinishield.eu\/?page_id=1760"},"modified":"2018-04-12T19:45:04","modified_gmt":"2018-04-12T19:45:04","slug":"contact","status":"publish","type":"page","link":"https:\/\/www.infinishield.eu\/de\/contact\/","title":{"rendered":"Contact"},"content":{"rendered":"<div class=\"contactpage\">\n<div role=\"form\" class=\"wpcf7\" id=\"wpcf7-f2016-o1\" lang=\"en-US\" dir=\"ltr\">\n<div class=\"screen-reader-response\"><p role=\"status\" aria-live=\"polite\" aria-atomic=\"true\"><\/p> <ul><\/ul><\/div>\n<form action=\"\/de\/wp-json\/wp\/v2\/pages\/1760#wpcf7-f2016-o1\" method=\"post\" class=\"wpcf7-form init\" novalidate=\"novalidate\" data-status=\"init\">\n<div style=\"display: none;\">\n<input type=\"hidden\" name=\"_wpcf7\" value=\"2016\" \/>\n<input type=\"hidden\" name=\"_wpcf7_version\" value=\"5.3.1\" \/>\n<input type=\"hidden\" name=\"_wpcf7_locale\" value=\"en_US\" \/>\n<input type=\"hidden\" name=\"_wpcf7_unit_tag\" value=\"wpcf7-f2016-o1\" \/>\n<input type=\"hidden\" name=\"_wpcf7_container_post\" value=\"0\" \/>\n<input type=\"hidden\" name=\"_wpcf7_posted_data_hash\" value=\"\" \/>\n<\/div>\n<div class=\"columns small-12 medium-6\">\n<p class=\"txtp\">Wenn Sie Fragen haben oder mehr \u00fcber unsere Produkte erfahren m\u00f6chten, z\u00f6gern Sie nicht, uns zu kontaktieren. Wir sind bereit, Ihnen zu helfen! <\/p>\n<p><span class=\"wpcf7-form-control-wrap your-name\"><input type=\"text\" name=\"your-name\" value=\"\" size=\"40\" class=\"wpcf7-form-control wpcf7-text wpcf7-validates-as-required\" aria-required=\"true\" aria-invalid=\"false\" placeholder=\"Name\" \/><\/span><\/p>\n<p><span class=\"wpcf7-form-control-wrap your-email\"><input type=\"email\" name=\"your-email\" value=\"\" size=\"40\" class=\"wpcf7-form-control wpcf7-text wpcf7-email wpcf7-validates-as-required wpcf7-validates-as-email\" aria-required=\"true\" aria-invalid=\"false\" placeholder=\"E-mail\" \/><\/span><\/p>\n<p><span class=\"wpcf7-form-control-wrap phone\"><input type=\"tel\" name=\"phone\" value=\"\" size=\"40\" class=\"wpcf7-form-control wpcf7-text wpcf7-tel wpcf7-validates-as-required wpcf7-validates-as-tel\" aria-required=\"true\" aria-invalid=\"false\" placeholder=\"Telefon\" \/><\/span><\/p>\n<p><span class=\"wpcf7-form-control-wrap company\"><input type=\"text\" name=\"company\" value=\"\" size=\"40\" class=\"wpcf7-form-control wpcf7-text wpcf7-validates-as-required\" aria-required=\"true\" aria-invalid=\"false\" placeholder=\"Unternehmen\" \/><\/span><\/p>\n<p><span class=\"wpcf7-form-control-wrap fleet\"><input type=\"text\" name=\"fleet\" value=\"\" size=\"40\" class=\"wpcf7-form-control wpcf7-text wpcf7-validates-as-required\" aria-required=\"true\" aria-invalid=\"false\" placeholder=\"Flotte\" \/><\/span><\/p>\n<\/div>\n<div class=\"columns small-12 medium-6\">\n<p><span class=\"wpcf7-form-control-wrap menu-306\"><select name=\"menu-306\" class=\"wpcf7-form-control wpcf7-select wpcf7-validates-as-required\" aria-required=\"true\" aria-invalid=\"false\"><option value=\"\">W\u00e4hlen Sie ein B\u00fcro<\/option><option value=\"Roland Netherlands\">Roland Netherlands<\/option><option value=\"Roland United Kingdom\">Roland United Kingdom<\/option><option value=\"Roland Poland\">Roland Poland<\/option><\/select><\/span><\/p>\n<p><span class=\"wpcf7-form-control-wrap your-message\"><textarea name=\"your-message\" cols=\"40\" rows=\"10\" class=\"wpcf7-form-control wpcf7-textarea wpcf7-validates-as-required\" aria-required=\"true\" aria-invalid=\"false\" placeholder=\"Zitat\/Bemerkung\"><\/textarea><\/span><\/p>\n<\/div>\n<div class=\"clearfix\"><\/div>\n<div class=\"columns small-12 medium-6 text-right\">\n<input type=\"submit\" value=\"Send\" class=\"wpcf7-form-control wpcf7-submit\" \/>\n<\/div>\n<div class=\"columns small-12 medium-6 text-right social\">\n<p>Oder folgen Sie Roland: <a href=\"https:\/\/www.facebook.com\/RolandInternational\/\"><img class=\"alignnone size-full wp-image-1559\" src=\"https:\/\/www.infinishield.eu\/wp-content\/uploads\/2018\/02\/Facebook.png\" alt=\"\" width=\"59\" height=\"60\" \/><\/a> <a href=\"https:\/\/www.linkedin.com\/company\/roland-international\/\"><img class=\"alignnone size-full wp-image-1560\" src=\"https:\/\/www.infinishield.eu\/wp-content\/uploads\/2018\/02\/LinkedIn-1.png\" alt=\"\" width=\"60\" height=\"60\" \/><\/a><\/p>\n<\/div>\n<div class=\"wpcf7-response-output\" aria-hidden=\"true\"><\/div><\/form><\/div>\n<\/div>\n<div class=\"coll-google-map \">\n        <script type=\"text\/javascript\">\n        jQuery(document).ready(function ($) {\n          function initializeGoogleMap() {\n\n                var isMobile = ($(\"body\").hasClass(\"coll-mobile\")) ? true : false;\n\n                \/\/ Create an array of styles.\n                  var styles = [\n                    {\n                      stylers: [\n                        { hue: \"#163c5bz\" },\n                        { saturation: \"0\" }\n                      ]\n                    }\n                  ];\n\n              \/\/ Create a new StyledMapType object, passing it the array of styles,\n              \/\/ as well as the name to be displayed on the map type control.\n              var styledMap = new google.maps.StyledMapType(styles,{name: \"Styled Map\"});\n\n              \/\/ Create a map object, and include the MapTypeId to add\n              \/\/ to the map type control.\n              var myLatlng = new google.maps.LatLng(51.3324375,6.1398285);\n              var myOptions = {\n                center: myLatlng,\n                zoom: 17,\n                scrollwheel: false,\n                draggable: !isMobile,\n                mapTypeControlOptions: {\n                  mapTypeIds: [google.maps.MapTypeId.ROADMAP, \"map_style\"]\n                }\n\/\/                mapTypeId: google.maps.MapTypeId.ROADMAP\n              };\n              var map = new google.maps.Map(document.getElementById(\"gmap-8854\"), myOptions);\n\n              \/\/Associate the styled map with the MapTypeId and set it to display.\n              map.mapTypes.set(\"map_style\", styledMap);\n              map.setMapTypeId(\"map_style\");\n\n\n              var contentString = \"Roland International HQ\";\n              var infowindow = new google.maps.InfoWindow({\n                  content: contentString\n              });\n\n              var marker = new google.maps.Marker({\n                  position: myLatlng\n              });\n\n              google.maps.event.addListener(marker, \"click\", function() {\n                  infowindow.open(map,marker);\n              });\n\n              marker.setMap(map);\n\n          }\n          \/\/$(window).load(initializeGoogleMap);\n          initializeGoogleMap();\n\n        });\n        <\/script><div id=\"gmap-8854\" style=\"width:100%; height:400px;\" class=\"gmap\" ><\/div><\/div>\n<p>&nbsp;<\/p>\n<p>&nbsp;<\/p>\n","protected":false},"excerpt":{"rendered":"<p>&nbsp; &nbsp;<\/p>\n","protected":false},"author":1,"featured_media":0,"parent":0,"menu_order":0,"comment_status":"closed","ping_status":"closed","template":"","meta":[],"_links":{"self":[{"href":"https:\/\/www.infinishield.eu\/de\/wp-json\/wp\/v2\/pages\/1760"}],"collection":[{"href":"https:\/\/www.infinishield.eu\/de\/wp-json\/wp\/v2\/pages"}],"about":[{"href":"https:\/\/www.infinishield.eu\/de\/wp-json\/wp\/v2\/types\/page"}],"author":[{"embeddable":true,"href":"https:\/\/www.infinishield.eu\/de\/wp-json\/wp\/v2\/users\/1"}],"replies":[{"embeddable":true,"href":"https:\/\/www.infinishield.eu\/de\/wp-json\/wp\/v2\/comments?post=1760"}],"version-history":[{"count":2,"href":"https:\/\/www.infinishield.eu\/de\/wp-json\/wp\/v2\/pages\/1760\/revisions"}],"predecessor-version":[{"id":2019,"href":"https:\/\/www.infinishield.eu\/de\/wp-json\/wp\/v2\/pages\/1760\/revisions\/2019"}],"wp:attachment":[{"href":"https:\/\/www.infinishield.eu\/de\/wp-json\/wp\/v2\/media?parent=1760"}],"curies":[{"name":"wp","href":"https:\/\/api.w.org\/{rel}","templated":true}]}}